{"id":2,"date":"2019-06-03T11:32:30","date_gmt":"2019-06-03T09:32:30","guid":{"rendered":"http:\/\/stypersblog.yoocan.fr\/?page_id=2"},"modified":"2025-01-17T20:56:19","modified_gmt":"2025-01-17T19:56:19","slug":"mentions-legales","status":"publish","type":"page","link":"https:\/\/www.stypers-consulting.com\/?page_id=2","title":{"rendered":"Mentions L\u00e9gales"},"content":{"rendered":"\n<p>Le site www.stypers-consulting.com est \u00e9dit\u00e9 par&nbsp;: <\/p>\n\n\n\n<p>STYPERS CONSULTING, SARL au capital social de 300\u00a0000\u2009\u20ac, dont le si\u00e8ge social se situe 6 rue du Faubourg Saint-Honor\u00e9 75008 PARIS et immatricul\u00e9e au Registre du Commerce et des Soci\u00e9t\u00e9s de PARIS sous le num\u00e9ro 449\u00a0925\u00a0684.<\/p>\n\n\n\n<p><u>N\u00b0 TVA Intracommunautaire<\/u>&nbsp;: FR4544992568400028<\/p>\n\n\n\n<p><u>Num\u00e9ro de t\u00e9l\u00e9phone<\/u>&nbsp;: 01 53 34 18 28<\/p>\n\n\n\n<p><u>Email<\/u>&nbsp;: contact@stypers-consulting.com<\/p>\n\n\n\n<p><\/p>\n\n\n\n<p><u>Le site est h\u00e9berg\u00e9 par<\/u>\u00a0:<\/p>\n\n\n\n<p>Colt Technology Services <\/p>\n\n\n\n<p>63 Boulevard Bessi\u00e8res, 75017 Paris<\/p>\n\n\n\n<p><u>Cr\u00e9dits<\/u>&nbsp;: <\/p>\n\n\n\n<p>Ce site utilise la technologie Twitter Bootstrap et ic\u00f4ne de\nGlyphicons.<\/p>\n\n\n\n<p><u>Cr\u00e9dits Photo<\/u>&nbsp;: <\/p>\n\n\n\n<p>Logistique et supply chain&nbsp;: MBWA_PR<\/p>\n\n\n\n<p><\/p>\n","protected":false},"excerpt":{"rendered":"<p>Le site www.stypers-consulting.com est \u00e9dit\u00e9 par&nbsp;: STYPERS CONSULTING, SARL au capital social de 300\u00a0000\u2009\u20ac, dont le si\u00e8ge social se situe 6 rue du Faubourg Saint-Honor\u00e9 75008 PARIS et immatricul\u00e9e au Registre du Commerce et des Soci\u00e9t\u00e9s de PARIS sous le num\u00e9ro 449\u00a0925\u00a0684. N\u00b0 TVA Intracommunautaire&nbsp;: FR4544992568400028 Num\u00e9ro de t\u00e9l\u00e9phone&nbsp;: 01 53 34 18 28 Email&nbsp;: [&hellip;]<\/p>\n","protected":false},"author":1,"featured_media":0,"parent":0,"menu_order":0,"comment_status":"closed","ping_status":"closed","template":"","meta":{"footnotes":""},"class_list":["post-2","page","type-page","status-publish","hentry"],"yoast_head":"<!-- This site is optimized with the Yoast SEO plugin v24.4 - https:\/\/yoast.com\/wordpress\/plugins\/seo\/ -->\n<title>Mentions L\u00e9gales - Stypers Consulting<\/title>\n<meta name=\"robots\" content=\"index, follow, max-snippet:-1, max-image-preview:large, max-video-preview:-1\" \/>\n<link rel=\"canonical\" href=\"https:\/\/www.stypers-consulting.com\/?page_id=2\" \/>\n<meta property=\"og:locale\" content=\"fr_FR\" \/>\n<meta property=\"og:type\" content=\"article\" \/>\n<meta property=\"og:title\" content=\"Mentions L\u00e9gales - Stypers Consulting\" \/>\n<meta property=\"og:description\" content=\"Le site www.stypers-consulting.com est \u00e9dit\u00e9 par&nbsp;: STYPERS CONSULTING, SARL au capital social de 300\u00a0000\u2009\u20ac, dont le si\u00e8ge social se situe 6 rue du Faubourg Saint-Honor\u00e9 75008 PARIS et immatricul\u00e9e au Registre du Commerce et des Soci\u00e9t\u00e9s de PARIS sous le num\u00e9ro 449\u00a0925\u00a0684. N\u00b0 TVA Intracommunautaire&nbsp;: FR4544992568400028 Num\u00e9ro de t\u00e9l\u00e9phone&nbsp;: 01 53 34 18 28 Email&nbsp;: [&hellip;]\" \/>\n<meta property=\"og:url\" content=\"https:\/\/www.stypers-consulting.com\/?page_id=2\" \/>\n<meta property=\"og:site_name\" content=\"Stypers Consulting\" \/>\n<meta property=\"article:modified_time\" content=\"2025-01-17T19:56:19+00:00\" \/>\n<meta name=\"twitter:card\" content=\"summary_large_image\" \/>\n<meta name=\"twitter:label1\" content=\"Dur\u00e9e de lecture estim\u00e9e\" \/>\n\t<meta name=\"twitter:data1\" content=\"1 minute\" \/>\n<script type=\"application\/ld+json\" class=\"yoast-schema-graph\">{\"@context\":\"https:\/\/schema.org\",\"@graph\":[{\"@type\":\"WebPage\",\"@id\":\"https:\/\/www.stypers-consulting.com\/?page_id=2\",\"url\":\"https:\/\/www.stypers-consulting.com\/?page_id=2\",\"name\":\"Mentions L\u00e9gales - Stypers Consulting\",\"isPartOf\":{\"@id\":\"https:\/\/www.stypers-consulting.com\/#website\"},\"datePublished\":\"2019-06-03T09:32:30+00:00\",\"dateModified\":\"2025-01-17T19:56:19+00:00\",\"breadcrumb\":{\"@id\":\"https:\/\/www.stypers-consulting.com\/?page_id=2#breadcrumb\"},\"inLanguage\":\"fr-FR\",\"potentialAction\":[{\"@type\":\"ReadAction\",\"target\":[\"https:\/\/www.stypers-consulting.com\/?page_id=2\"]}]},{\"@type\":\"BreadcrumbList\",\"@id\":\"https:\/\/www.stypers-consulting.com\/?page_id=2#breadcrumb\",\"itemListElement\":[{\"@type\":\"ListItem\",\"position\":1,\"name\":\"Accueil\",\"item\":\"https:\/\/www.stypers-consulting.com\/?page_id=438\"},{\"@type\":\"ListItem\",\"position\":2,\"name\":\"Mentions L\u00e9gales\"}]},{\"@type\":\"WebSite\",\"@id\":\"https:\/\/www.stypers-consulting.com\/#website\",\"url\":\"https:\/\/www.stypers-consulting.com\/\",\"name\":\"Stypers Consulting\",\"description\":\"Chasseurs de t\u00eate Supply Chain, Logistique et Transport\",\"potentialAction\":[{\"@type\":\"SearchAction\",\"target\":{\"@type\":\"EntryPoint\",\"urlTemplate\":\"https:\/\/www.stypers-consulting.com\/?s={search_term_string}\"},\"query-input\":{\"@type\":\"PropertyValueSpecification\",\"valueRequired\":true,\"valueName\":\"search_term_string\"}}],\"inLanguage\":\"fr-FR\"}]}<\/script>\n<!-- \/ Yoast SEO plugin. -->","yoast_head_json":{"title":"Mentions L\u00e9gales - Stypers Consulting","robots":{"index":"index","follow":"follow","max-snippet":"max-snippet:-1","max-image-preview":"max-image-preview:large","max-video-preview":"max-video-preview:-1"},"canonical":"https:\/\/www.stypers-consulting.com\/?page_id=2","og_locale":"fr_FR","og_type":"article","og_title":"Mentions L\u00e9gales - Stypers Consulting","og_description":"Le site www.stypers-consulting.com est \u00e9dit\u00e9 par&nbsp;: STYPERS CONSULTING, SARL au capital social de 300\u00a0000\u2009\u20ac, dont le si\u00e8ge social se situe 6 rue du Faubourg Saint-Honor\u00e9 75008 PARIS et immatricul\u00e9e au Registre du Commerce et des Soci\u00e9t\u00e9s de PARIS sous le num\u00e9ro 449\u00a0925\u00a0684. N\u00b0 TVA Intracommunautaire&nbsp;: FR4544992568400028 Num\u00e9ro de t\u00e9l\u00e9phone&nbsp;: 01 53 34 18 28 Email&nbsp;: [&hellip;]","og_url":"https:\/\/www.stypers-consulting.com\/?page_id=2","og_site_name":"Stypers Consulting","article_modified_time":"2025-01-17T19:56:19+00:00","twitter_card":"summary_large_image","twitter_misc":{"Dur\u00e9e de lecture estim\u00e9e":"1 minute"},"schema":{"@context":"https:\/\/schema.org","@graph":[{"@type":"WebPage","@id":"https:\/\/www.stypers-consulting.com\/?page_id=2","url":"https:\/\/www.stypers-consulting.com\/?page_id=2","name":"Mentions L\u00e9gales - Stypers Consulting","isPartOf":{"@id":"https:\/\/www.stypers-consulting.com\/#website"},"datePublished":"2019-06-03T09:32:30+00:00","dateModified":"2025-01-17T19:56:19+00:00","breadcrumb":{"@id":"https:\/\/www.stypers-consulting.com\/?page_id=2#breadcrumb"},"inLanguage":"fr-FR","potentialAction":[{"@type":"ReadAction","target":["https:\/\/www.stypers-consulting.com\/?page_id=2"]}]},{"@type":"BreadcrumbList","@id":"https:\/\/www.stypers-consulting.com\/?page_id=2#breadcrumb","itemListElement":[{"@type":"ListItem","position":1,"name":"Accueil","item":"https:\/\/www.stypers-consulting.com\/?page_id=438"},{"@type":"ListItem","position":2,"name":"Mentions L\u00e9gales"}]},{"@type":"WebSite","@id":"https:\/\/www.stypers-consulting.com\/#website","url":"https:\/\/www.stypers-consulting.com\/","name":"Stypers Consulting","description":"Chasseurs de t\u00eate Supply Chain, Logistique et Transport","potentialAction":[{"@type":"SearchAction","target":{"@type":"EntryPoint","urlTemplate":"https:\/\/www.stypers-consulting.com\/?s={search_term_string}"},"query-input":{"@type":"PropertyValueSpecification","valueRequired":true,"valueName":"search_term_string"}}],"inLanguage":"fr-FR"}]}},"_links":{"self":[{"href":"https:\/\/www.stypers-consulting.com\/index.php?rest_route=\/wp\/v2\/pages\/2","targetHints":{"allow":["GET"]}}],"collection":[{"href":"https:\/\/www.stypers-consulting.com\/index.php?rest_route=\/wp\/v2\/pages"}],"about":[{"href":"https:\/\/www.stypers-consulting.com\/index.php?rest_route=\/wp\/v2\/types\/page"}],"author":[{"embeddable":true,"href":"https:\/\/www.stypers-consulting.com\/index.php?rest_route=\/wp\/v2\/users\/1"}],"replies":[{"embeddable":true,"href":"https:\/\/www.stypers-consulting.com\/index.php?rest_route=%2Fwp%2Fv2%2Fcomments&post=2"}],"version-history":[{"count":7,"href":"https:\/\/www.stypers-consulting.com\/index.php?rest_route=\/wp\/v2\/pages\/2\/revisions"}],"predecessor-version":[{"id":1760,"href":"https:\/\/www.stypers-consulting.com\/index.php?rest_route=\/wp\/v2\/pages\/2\/revisions\/1760"}],"wp:attachment":[{"href":"https:\/\/www.stypers-consulting.com\/index.php?rest_route=%2Fwp%2Fv2%2Fmedia&parent=2"}],"curies":[{"name":"wp","href":"https:\/\/api.w.org\/{rel}","templated":true}]}}