{"id":24,"date":"2019-02-22T20:09:44","date_gmt":"2019-02-22T19:09:44","guid":{"rendered":"http:\/\/wp\/enfold-medium-business\/?page_id=24"},"modified":"2025-11-27T22:51:50","modified_gmt":"2025-11-27T21:51:50","slug":"candidats","status":"publish","type":"page","link":"https:\/\/www.stypers-consulting.com\/?page_id=24","title":{"rendered":"Candidats"},"content":{"rendered":"<div id='av_section_1' class='avia-section main_color avia-section-default avia-no-border-styling avia-bg-style-scroll  avia-builder-el-0  el_before_av_button_big  avia-builder-el-first   container_wrap sidebar_right' style=' '  ><div class='container' ><main  role=\"main\" itemprop=\"mainContentOfPage\"  class='template-page content  av-content-small alpha units'><div class='post-entry post-entry-type-page post-entry-24'><div class='entry-content-wrapper clearfix'>\n<div style='padding-bottom:40px; color:#0a321b;font-size:40px;' class='av-special-heading av-special-heading-h1 custom-color-heading blockquote modern-quote modern-centered  avia-builder-el-1  el_before_av_two_fifth  avia-builder-el-first   av-inherit-size '><h1 class='av-special-heading-tag '  itemprop=\"headline\"  >NOS CANDIDATS SONT NOS CLIENTS<\/h1><div class='special-heading-border'><div class='special-heading-inner-border' style='border-color:#0a321b'><\/div><\/div><\/div>\n<div class=\"flex_column av_two_fifth  flex_column_div av-zero-column-padding first  avia-builder-el-2  el_after_av_heading  el_before_av_three_fifth  \" style='border-radius:0px; '><div class='avia-image-container  av-styling- av-hover-grow av-hide-overflow   avia-builder-el-3  avia-builder-el-no-sibling   avia-align-center '  itemprop=\"image\" itemscope=\"itemscope\" itemtype=\"https:\/\/schema.org\/ImageObject\"  ><div class='avia-image-container-inner'><div class='avia-image-overlay-wrap'><img fetchpriority=\"high\" class='avia_image' src='https:\/\/www.stypers-consulting.com\/wp-content\/uploads\/2014\/02\/Site-SC-candidats.jpg' alt='' title='Site-SC-candidats' height=\"304\" width=\"488\"  itemprop=\"thumbnailUrl\"  \/><\/div><\/div><\/div><\/div><div class=\"flex_column av_three_fifth  flex_column_div av-zero-column-padding   avia-builder-el-4  el_after_av_two_fifth  avia-builder-el-last  \" style='border-radius:0px; '><section class=\"av_textblock_section \"  itemscope=\"itemscope\" itemtype=\"https:\/\/schema.org\/CreativeWork\" ><div class='avia_textblock  av_inherit_color '  style='font-size:15px; color:#0a321b; '  itemprop=\"text\" ><h4 style=\"text-align: left;\"><strong>Notre engagement envers nos candidats<\/strong><\/h4>\n<p class=\"whitespace-break-spaces\">Chez <strong>STYPERS CONSULTING<\/strong>, chaque candidat est <strong>un Partenaire<\/strong>. Nous ne nous contentons pas de vous proposer des offres : nous <strong>construisons avec vous<\/strong>, main dans la main, un projet professionnel solide, s\u00e9curis\u00e9 et align\u00e9 sur vos aspirations.<\/p>\n<h4><strong>Un accompagnement 100% personnalis\u00e9<\/strong><\/h4>\n<ul>\n<li><strong>Comprendre vos attentes<\/strong> : Nous prenons le temps d\u2019analyser votre parcours, vos comp\u00e9tences et vos objectifs pour identifier les opportunit\u00e9s qui vous correspondent vraiment<\/li>\n<li><strong>Valoriser votre profil<\/strong> : Gr\u00e2ce \u00e0 des entretiens approfondis, nous mettons en lumi\u00e8re vos atouts clefs et vous aidons \u00e0 les pr\u00e9senter avec impact !<\/li>\n<li><strong>S\u00e9curiser vos choix<\/strong> : Nous \u00e9vitons les placements \u00e0 risque et privil\u00e9gions des solutions durables, b\u00e9n\u00e9fiques pour vous comme pour les entreprises<\/li>\n<\/ul>\n<h4><strong>Pourquoi cette d\u00e9marche ?<\/strong><\/h4>\n<p class=\"whitespace-break-spaces\">Parce que votre r\u00e9ussite est la n\u00f4tre. Nous consid\u00e9rons nos candidats comme nos clients et sommes r\u00e9ellement engag\u00e9s \u00e0 vos c\u00f4t\u00e9s sur du long terme.<\/p>\n<p style=\"text-align: left;\"><strong><em>Vous recherchez un emploi dans le secteur de la Supply Chain, de la Logistique ou du Transport ?<\/em><\/strong><\/p>\n<p style=\"text-align: left;\"><a href=\"http:\/\/www.stypers-consulting.com\/a-propos\/notre-expertise\/\">D\u00e9couvrez en d\u00e9tail nos expertises sectorielles et fonctionnelles<\/a><\/p>\n<\/div><\/section><\/div><div class='avia-button-wrap avia-button-center  avia-builder-el-6  el_after_av_section  el_before_av_submenu  '><a href='mailto:mailto:contact@stypers-consulting.com' class='avia-button avia-button-fullwidth   avia-icon_select-no avia-color-theme-color '  style='color:#000000; ' ><span class='avia_iconbox_title' >CONTACTEZ-NOUS<\/span><div class='av-button-description av-button-description-below'><p>Pour toute suggestion ou demande, contactez notre \u00e9quipe :<br \/>contact@stypers-consulting.com<br \/>01 53 34 18 28<\/p>\n<\/div><span class='avia_button_background avia-button avia-button-fullwidth avia-color-custom' style='background-color:#86c9c5; '><\/span><\/a><\/div><\/p>\n<div class='clear'><\/div><div id='sub_menu1' class='av-submenu-container header_color  avia-builder-el-7  el_after_av_button_big  avia-builder-el-last   av-sticky-submenu  submenu-not-first container_wrap sidebar_right' style='  z-index:301' ><div class='container av-menu-mobile-disabled '><ul id='av-custom-submenu-1' class='av-subnav-menu av-submenu-pos-center'><li class='menu-item menu-item-top-level  menu-item-top-level-1'><a href='http:\/\/' ><span class='avia-bullet'><\/span><span class='avia-menu-text'>\u00a9 2019 STYPERS CONSULTING<\/span><\/a><\/li><li class='menu-item menu-item-top-level  menu-item-top-level-2'><a href='mailto:mailto:contact@stypers-consulting.com'  target=\"_blank\" ><span class='avia-bullet'><\/span><span class='avia-menu-text'>Contactez-nous<\/span><\/a><\/li><li class='menu-item menu-item-top-level  menu-item-top-level-3'><a href='https:\/\/www.stypers-consulting.com\/?page_id=2' ><span class='avia-bullet'><\/span><span class='avia-menu-text'>Mentions l\u00e9gales<\/span><\/a><\/li><li class='menu-item menu-item-top-level  menu-item-top-level-4'><a href='http:\/\/goo.gl\/maps\/3k4zYiuuJNTQhRC3A'  target=\"_blank\" ><span class='avia-bullet'><\/span><span class='avia-menu-text'>6 rue du Faubourg Saint Honor\u00e9 75008 PARIS \u2022 T\u00e9l 01.53.34.18.28<\/span><\/a><\/li><\/ul><\/div><\/div><div class='sticky_placeholder'><\/div>\n","protected":false},"excerpt":{"rendered":"","protected":false},"author":1,"featured_media":0,"parent":0,"menu_order":0,"comment_status":"closed","ping_status":"closed","template":"","meta":{"footnotes":""},"class_list":["post-24","page","type-page","status-publish","hentry"],"yoast_head":"<!-- This site is optimized with the Yoast SEO plugin v24.4 - https:\/\/yoast.com\/wordpress\/plugins\/seo\/ -->\n<title>Candidats \u2758 Stypers Consulting<\/title>\n<meta name=\"description\" content=\"Nous accompagnons des Cadres et Dirigeants dans leur recherche d&#039;emploi en Supply Chain, Logistique et Transport.\" \/>\n<meta name=\"robots\" content=\"index, follow, max-snippet:-1, max-image-preview:large, max-video-preview:-1\" \/>\n<link rel=\"canonical\" href=\"https:\/\/www.stypers-consulting.com\/?page_id=24\" \/>\n<meta property=\"og:locale\" content=\"fr_FR\" \/>\n<meta property=\"og:type\" content=\"article\" \/>\n<meta property=\"og:title\" content=\"Candidats \u2758 Stypers Consulting\" \/>\n<meta property=\"og:description\" content=\"Nous accompagnons des Cadres et Dirigeants dans leur recherche d&#039;emploi en Supply Chain, Logistique et Transport.\" \/>\n<meta property=\"og:url\" content=\"https:\/\/www.stypers-consulting.com\/?page_id=24\" \/>\n<meta property=\"og:site_name\" content=\"Stypers Consulting\" \/>\n<meta property=\"article:modified_time\" content=\"2025-11-27T21:51:50+00:00\" \/>\n<meta name=\"twitter:card\" content=\"summary_large_image\" \/>\n<meta name=\"twitter:label1\" content=\"Dur\u00e9e de lecture estim\u00e9e\" \/>\n\t<meta name=\"twitter:data1\" content=\"2 minutes\" \/>\n<script type=\"application\/ld+json\" class=\"yoast-schema-graph\">{\"@context\":\"https:\/\/schema.org\",\"@graph\":[{\"@type\":\"WebPage\",\"@id\":\"https:\/\/www.stypers-consulting.com\/?page_id=24\",\"url\":\"https:\/\/www.stypers-consulting.com\/?page_id=24\",\"name\":\"Candidats \u2758 Stypers Consulting\",\"isPartOf\":{\"@id\":\"https:\/\/www.stypers-consulting.com\/#website\"},\"datePublished\":\"2019-02-22T19:09:44+00:00\",\"dateModified\":\"2025-11-27T21:51:50+00:00\",\"description\":\"Nous accompagnons des Cadres et Dirigeants dans leur recherche d'emploi en Supply Chain, Logistique et Transport.\",\"breadcrumb\":{\"@id\":\"https:\/\/www.stypers-consulting.com\/?page_id=24#breadcrumb\"},\"inLanguage\":\"fr-FR\",\"potentialAction\":[{\"@type\":\"ReadAction\",\"target\":[\"https:\/\/www.stypers-consulting.com\/?page_id=24\"]}]},{\"@type\":\"BreadcrumbList\",\"@id\":\"https:\/\/www.stypers-consulting.com\/?page_id=24#breadcrumb\",\"itemListElement\":[{\"@type\":\"ListItem\",\"position\":1,\"name\":\"Accueil\",\"item\":\"https:\/\/www.stypers-consulting.com\/?page_id=438\"},{\"@type\":\"ListItem\",\"position\":2,\"name\":\"Candidats\"}]},{\"@type\":\"WebSite\",\"@id\":\"https:\/\/www.stypers-consulting.com\/#website\",\"url\":\"https:\/\/www.stypers-consulting.com\/\",\"name\":\"Stypers Consulting\",\"description\":\"Chasseurs de t\u00eate Supply Chain, Logistique et Transport\",\"potentialAction\":[{\"@type\":\"SearchAction\",\"target\":{\"@type\":\"EntryPoint\",\"urlTemplate\":\"https:\/\/www.stypers-consulting.com\/?s={search_term_string}\"},\"query-input\":{\"@type\":\"PropertyValueSpecification\",\"valueRequired\":true,\"valueName\":\"search_term_string\"}}],\"inLanguage\":\"fr-FR\"}]}<\/script>\n<!-- \/ Yoast SEO plugin. -->","yoast_head_json":{"title":"Candidats \u2758 Stypers Consulting","description":"Nous accompagnons des Cadres et Dirigeants dans leur recherche d'emploi en Supply Chain, Logistique et Transport.","robots":{"index":"index","follow":"follow","max-snippet":"max-snippet:-1","max-image-preview":"max-image-preview:large","max-video-preview":"max-video-preview:-1"},"canonical":"https:\/\/www.stypers-consulting.com\/?page_id=24","og_locale":"fr_FR","og_type":"article","og_title":"Candidats \u2758 Stypers Consulting","og_description":"Nous accompagnons des Cadres et Dirigeants dans leur recherche d'emploi en Supply Chain, Logistique et Transport.","og_url":"https:\/\/www.stypers-consulting.com\/?page_id=24","og_site_name":"Stypers Consulting","article_modified_time":"2025-11-27T21:51:50+00:00","twitter_card":"summary_large_image","twitter_misc":{"Dur\u00e9e de lecture estim\u00e9e":"2 minutes"},"schema":{"@context":"https:\/\/schema.org","@graph":[{"@type":"WebPage","@id":"https:\/\/www.stypers-consulting.com\/?page_id=24","url":"https:\/\/www.stypers-consulting.com\/?page_id=24","name":"Candidats \u2758 Stypers Consulting","isPartOf":{"@id":"https:\/\/www.stypers-consulting.com\/#website"},"datePublished":"2019-02-22T19:09:44+00:00","dateModified":"2025-11-27T21:51:50+00:00","description":"Nous accompagnons des Cadres et Dirigeants dans leur recherche d'emploi en Supply Chain, Logistique et Transport.","breadcrumb":{"@id":"https:\/\/www.stypers-consulting.com\/?page_id=24#breadcrumb"},"inLanguage":"fr-FR","potentialAction":[{"@type":"ReadAction","target":["https:\/\/www.stypers-consulting.com\/?page_id=24"]}]},{"@type":"BreadcrumbList","@id":"https:\/\/www.stypers-consulting.com\/?page_id=24#breadcrumb","itemListElement":[{"@type":"ListItem","position":1,"name":"Accueil","item":"https:\/\/www.stypers-consulting.com\/?page_id=438"},{"@type":"ListItem","position":2,"name":"Candidats"}]},{"@type":"WebSite","@id":"https:\/\/www.stypers-consulting.com\/#website","url":"https:\/\/www.stypers-consulting.com\/","name":"Stypers Consulting","description":"Chasseurs de t\u00eate Supply Chain, Logistique et Transport","potentialAction":[{"@type":"SearchAction","target":{"@type":"EntryPoint","urlTemplate":"https:\/\/www.stypers-consulting.com\/?s={search_term_string}"},"query-input":{"@type":"PropertyValueSpecification","valueRequired":true,"valueName":"search_term_string"}}],"inLanguage":"fr-FR"}]}},"_links":{"self":[{"href":"https:\/\/www.stypers-consulting.com\/index.php?rest_route=\/wp\/v2\/pages\/24","targetHints":{"allow":["GET"]}}],"collection":[{"href":"https:\/\/www.stypers-consulting.com\/index.php?rest_route=\/wp\/v2\/pages"}],"about":[{"href":"https:\/\/www.stypers-consulting.com\/index.php?rest_route=\/wp\/v2\/types\/page"}],"author":[{"embeddable":true,"href":"https:\/\/www.stypers-consulting.com\/index.php?rest_route=\/wp\/v2\/users\/1"}],"replies":[{"embeddable":true,"href":"https:\/\/www.stypers-consulting.com\/index.php?rest_route=%2Fwp%2Fv2%2Fcomments&post=24"}],"version-history":[{"count":9,"href":"https:\/\/www.stypers-consulting.com\/index.php?rest_route=\/wp\/v2\/pages\/24\/revisions"}],"predecessor-version":[{"id":1816,"href":"https:\/\/www.stypers-consulting.com\/index.php?rest_route=\/wp\/v2\/pages\/24\/revisions\/1816"}],"wp:attachment":[{"href":"https:\/\/www.stypers-consulting.com\/index.php?rest_route=%2Fwp%2Fv2%2Fmedia&parent=24"}],"curies":[{"name":"wp","href":"https:\/\/api.w.org\/{rel}","templated":true}]}}