{"id":587,"date":"2019-06-11T13:39:35","date_gmt":"2019-06-11T11:39:35","guid":{"rendered":"http:\/\/stypersblog.yoocan.fr\/?page_id=587"},"modified":"2026-01-22T18:17:41","modified_gmt":"2026-01-22T17:17:41","slug":"entreprise","status":"publish","type":"page","link":"https:\/\/www.stypers-consulting.com\/?page_id=587","title":{"rendered":"Entreprise"},"content":{"rendered":"<p><div id='av_section_1' class='avia-section main_color avia-section-default avia-no-border-styling avia-bg-style-scroll  avia-builder-el-0  el_before_av_button_big  avia-builder-el-first   container_wrap sidebar_right' style=' '  ><div class='container' ><main  role=\"main\" itemprop=\"mainContentOfPage\"  class='template-page content  av-content-small alpha units'><div class='post-entry post-entry-type-page post-entry-587'><div class='entry-content-wrapper clearfix'> <div style='padding-bottom:40px; color:#0a321b;font-size:40px;' class='av-special-heading av-special-heading-h1 custom-color-heading blockquote modern-quote modern-centered  avia-builder-el-1  el_before_av_one_half  avia-builder-el-first   av-inherit-size '><h1 class='av-special-heading-tag '  itemprop=\"headline\"  >TOUJOURS PRESENTS POUR PARLER D\u2019AVENIR<\/h1><div class='special-heading-border'><div class='special-heading-inner-border' style='border-color:#0a321b'><\/div><\/div><\/div> <div class=\"flex_column av_one_half  flex_column_div av-zero-column-padding first  avia-builder-el-2  el_after_av_heading  el_before_av_one_half  \" style='border-radius:0px; '><div class='avia-image-container  av-styling- av-hover-grow av-hide-overflow   avia-builder-el-3  avia-builder-el-no-sibling   avia-align-center '  itemprop=\"image\" itemscope=\"itemscope\" itemtype=\"https:\/\/schema.org\/ImageObject\"  ><div class='avia-image-container-inner'><div class='avia-image-overlay-wrap'><img fetchpriority=\"high\" class='avia_image' src='https:\/\/www.stypers-consulting.com\/wp-content\/uploads\/2019\/06\/Site-SC-entreprise.jpg' alt='' title='Site-SC-entreprise' height=\"297\" width=\"477\"  itemprop=\"thumbnailUrl\"  \/><\/div><\/div><\/div><\/div><div class=\"flex_column av_one_half  flex_column_div av-zero-column-padding   avia-builder-el-4  el_after_av_one_half  avia-builder-el-last  \" style='border-radius:0px; '><section class=\"av_textblock_section \"  itemscope=\"itemscope\" itemtype=\"https:\/\/schema.org\/CreativeWork\" ><div class='avia_textblock  av_inherit_color '  style='font-size:15px; color:#0a321b; '  itemprop=\"text\" ><h4 style=\"text-align: left;\">Chasseurs de t\u00eates pour les M\u00e9tiers de la Supply Chain, de la Logistique et du Transport<\/h4>\n<p style=\"text-align: left;\">Nous recrutons depuis plus de 20 ans des profils cadres en Middle et Top Management.<\/p>\n<h4 style=\"text-align: left;\">Nous intervenons sur tous les secteurs d\u2019activit\u00e9<\/h4>\n<p style=\"text-align: left;\"><a href=\"http:\/\/www.stypers-consulting.com\/a-propos\/notre-expertise\/\">D\u00e9couvrez en d\u00e9tail nos expertises sectorielles et fonctionnelles<\/a><\/p>\n<h4 style=\"text-align: left;\">Notre valeur ajout\u00e9e :<\/h4>\n<ul>\n<li style=\"text-align: left;\">Une Expertise m\u00e9tier forte<\/li>\n<li style=\"text-align: left;\">Une \u00e9quipe \u00e0 taille humaine : proximit\u00e9, r\u00e9activit\u00e9, disponibilit\u00e9<\/li>\n<li style=\"text-align: left;\">Un travail sur-mesure : un candidat ajust\u00e9 au besoin de votre entreprise<\/li>\n<li style=\"text-align: left;\">Nous privil\u00e9gions la qualit\u00e9 \u00e0 la quantit\u00e9<\/li>\n<\/ul>\n<h4 style=\"text-align: left;\">Une Base de donn\u00e9es<\/h4>\n<p style=\"text-align: left;\">Enrichie depuis 20 ans, des candidats rencontr\u00e9s, \u00e9valu\u00e9s, et suivis sur le long terme.<\/p>\n<\/div><\/section><\/div><div class='avia-button-wrap avia-button-center  avia-builder-el-6  el_after_av_section  el_before_av_submenu  '><a href='mailto:mailto:contact@stypers-consulting.com' class='avia-button avia-button-fullwidth   avia-icon_select-no avia-color-theme-color '  style='color:#000000; ' ><span class='avia_iconbox_title' >CONTACTEZ-NOUS<\/span><div class='av-button-description av-button-description-below'><p> Pour toute suggestion ou demande, contactez notre \u00e9quipe : contact@stypers-consulting.com 01 53 34 18 28 <\/p>\n<\/div><span class='avia_button_background avia-button avia-button-fullwidth avia-color-custom' style='background-color:#86c9c5; '><\/span><\/a><\/div> <div class='clear'><\/div><div id='sub_menu1' class='av-submenu-container header_color  avia-builder-el-7  el_after_av_button_big  avia-builder-el-last   av-sticky-submenu  submenu-not-first container_wrap sidebar_right' style='  z-index:301' ><div class='container av-menu-mobile-disabled '><ul id='av-custom-submenu-1' class='av-subnav-menu av-submenu-pos-center'> <li class='menu-item menu-item-top-level  menu-item-top-level-1'><a href='http:\/\/' ><span class='avia-bullet'><\/span><span class='avia-menu-text'>\u00a9 2019 STYPERS CONSULTING<\/span><\/a><\/li> <li class='menu-item menu-item-top-level  menu-item-top-level-2'><a href='mailto:mailto:contact@stypers-consulting.com'  target=\"_blank\" ><span class='avia-bullet'><\/span><span class='avia-menu-text'>Contactez-nous<\/span><\/a><\/li> <li class='menu-item menu-item-top-level  menu-item-top-level-3'><a href='https:\/\/www.stypers-consulting.com\/?page_id=2' ><span class='avia-bullet'><\/span><span class='avia-menu-text'>Mentions l\u00e9gales<\/span><\/a><\/li> <li class='menu-item menu-item-top-level  menu-item-top-level-4'><a href='http:\/\/goo.gl\/maps\/3k4zYiuuJNTQhRC3A'  target=\"_blank\" ><span class='avia-bullet'><\/span><span class='avia-menu-text'>6 rue du Faubourg Saint Honor\u00e9 75008 PARIS \u2022 T\u00e9l 01.53.34.18.28<\/span><\/a><\/li> <\/ul><\/div><\/div><div class='sticky_placeholder'><\/div><\/p>\n","protected":false},"excerpt":{"rendered":"","protected":false},"author":1,"featured_media":0,"parent":0,"menu_order":0,"comment_status":"closed","ping_status":"closed","template":"","meta":{"footnotes":""},"class_list":["post-587","page","type-page","status-publish","hentry"],"yoast_head":"<!-- This site is optimized with the Yoast SEO plugin v24.4 - https:\/\/yoast.com\/wordpress\/plugins\/seo\/ -->\n<title>Entreprise \u2758 Stypers Consulting vous accompagne<\/title>\n<meta name=\"description\" content=\"Sp\u00e9cialiste du recrutement des M\u00e9tiers de la Supply Chain, Logistique et Transport. Nous recrutons vos futurs Cadres et Dirigeants (CODIR)\" \/>\n<meta name=\"robots\" content=\"index, follow, max-snippet:-1, max-image-preview:large, max-video-preview:-1\" \/>\n<link rel=\"canonical\" href=\"https:\/\/www.stypers-consulting.com\/?page_id=587\" \/>\n<meta property=\"og:locale\" content=\"fr_FR\" \/>\n<meta property=\"og:type\" content=\"article\" \/>\n<meta property=\"og:title\" content=\"Entreprise \u2758 Stypers Consulting vous accompagne\" \/>\n<meta property=\"og:description\" content=\"Sp\u00e9cialiste du recrutement des M\u00e9tiers de la Supply Chain, Logistique et Transport. Nous recrutons vos futurs Cadres et Dirigeants (CODIR)\" \/>\n<meta property=\"og:url\" content=\"https:\/\/www.stypers-consulting.com\/?page_id=587\" \/>\n<meta property=\"og:site_name\" content=\"Stypers Consulting\" \/>\n<meta property=\"article:modified_time\" content=\"2026-01-22T17:17:41+00:00\" \/>\n<meta name=\"twitter:card\" content=\"summary_large_image\" \/>\n<meta name=\"twitter:label1\" content=\"Dur\u00e9e de lecture estim\u00e9e\" \/>\n\t<meta name=\"twitter:data1\" content=\"2 minutes\" \/>\n<script type=\"application\/ld+json\" class=\"yoast-schema-graph\">{\"@context\":\"https:\/\/schema.org\",\"@graph\":[{\"@type\":\"WebPage\",\"@id\":\"https:\/\/www.stypers-consulting.com\/?page_id=587\",\"url\":\"https:\/\/www.stypers-consulting.com\/?page_id=587\",\"name\":\"Entreprise \u2758 Stypers Consulting vous accompagne\",\"isPartOf\":{\"@id\":\"https:\/\/www.stypers-consulting.com\/#website\"},\"datePublished\":\"2019-06-11T11:39:35+00:00\",\"dateModified\":\"2026-01-22T17:17:41+00:00\",\"description\":\"Sp\u00e9cialiste du recrutement des M\u00e9tiers de la Supply Chain, Logistique et Transport. Nous recrutons vos futurs Cadres et Dirigeants (CODIR)\",\"breadcrumb\":{\"@id\":\"https:\/\/www.stypers-consulting.com\/?page_id=587#breadcrumb\"},\"inLanguage\":\"fr-FR\",\"potentialAction\":[{\"@type\":\"ReadAction\",\"target\":[\"https:\/\/www.stypers-consulting.com\/?page_id=587\"]}]},{\"@type\":\"BreadcrumbList\",\"@id\":\"https:\/\/www.stypers-consulting.com\/?page_id=587#breadcrumb\",\"itemListElement\":[{\"@type\":\"ListItem\",\"position\":1,\"name\":\"Accueil\",\"item\":\"https:\/\/www.stypers-consulting.com\/?page_id=438\"},{\"@type\":\"ListItem\",\"position\":2,\"name\":\"Entreprise\"}]},{\"@type\":\"WebSite\",\"@id\":\"https:\/\/www.stypers-consulting.com\/#website\",\"url\":\"https:\/\/www.stypers-consulting.com\/\",\"name\":\"Stypers Consulting\",\"description\":\"Chasseurs de t\u00eate Supply Chain, Logistique et Transport\",\"potentialAction\":[{\"@type\":\"SearchAction\",\"target\":{\"@type\":\"EntryPoint\",\"urlTemplate\":\"https:\/\/www.stypers-consulting.com\/?s={search_term_string}\"},\"query-input\":{\"@type\":\"PropertyValueSpecification\",\"valueRequired\":true,\"valueName\":\"search_term_string\"}}],\"inLanguage\":\"fr-FR\"}]}<\/script>\n<!-- \/ Yoast SEO plugin. -->","yoast_head_json":{"title":"Entreprise \u2758 Stypers Consulting vous accompagne","description":"Sp\u00e9cialiste du recrutement des M\u00e9tiers de la Supply Chain, Logistique et Transport. Nous recrutons vos futurs Cadres et Dirigeants (CODIR)","robots":{"index":"index","follow":"follow","max-snippet":"max-snippet:-1","max-image-preview":"max-image-preview:large","max-video-preview":"max-video-preview:-1"},"canonical":"https:\/\/www.stypers-consulting.com\/?page_id=587","og_locale":"fr_FR","og_type":"article","og_title":"Entreprise \u2758 Stypers Consulting vous accompagne","og_description":"Sp\u00e9cialiste du recrutement des M\u00e9tiers de la Supply Chain, Logistique et Transport. Nous recrutons vos futurs Cadres et Dirigeants (CODIR)","og_url":"https:\/\/www.stypers-consulting.com\/?page_id=587","og_site_name":"Stypers Consulting","article_modified_time":"2026-01-22T17:17:41+00:00","twitter_card":"summary_large_image","twitter_misc":{"Dur\u00e9e de lecture estim\u00e9e":"2 minutes"},"schema":{"@context":"https:\/\/schema.org","@graph":[{"@type":"WebPage","@id":"https:\/\/www.stypers-consulting.com\/?page_id=587","url":"https:\/\/www.stypers-consulting.com\/?page_id=587","name":"Entreprise \u2758 Stypers Consulting vous accompagne","isPartOf":{"@id":"https:\/\/www.stypers-consulting.com\/#website"},"datePublished":"2019-06-11T11:39:35+00:00","dateModified":"2026-01-22T17:17:41+00:00","description":"Sp\u00e9cialiste du recrutement des M\u00e9tiers de la Supply Chain, Logistique et Transport. Nous recrutons vos futurs Cadres et Dirigeants (CODIR)","breadcrumb":{"@id":"https:\/\/www.stypers-consulting.com\/?page_id=587#breadcrumb"},"inLanguage":"fr-FR","potentialAction":[{"@type":"ReadAction","target":["https:\/\/www.stypers-consulting.com\/?page_id=587"]}]},{"@type":"BreadcrumbList","@id":"https:\/\/www.stypers-consulting.com\/?page_id=587#breadcrumb","itemListElement":[{"@type":"ListItem","position":1,"name":"Accueil","item":"https:\/\/www.stypers-consulting.com\/?page_id=438"},{"@type":"ListItem","position":2,"name":"Entreprise"}]},{"@type":"WebSite","@id":"https:\/\/www.stypers-consulting.com\/#website","url":"https:\/\/www.stypers-consulting.com\/","name":"Stypers Consulting","description":"Chasseurs de t\u00eate Supply Chain, Logistique et Transport","potentialAction":[{"@type":"SearchAction","target":{"@type":"EntryPoint","urlTemplate":"https:\/\/www.stypers-consulting.com\/?s={search_term_string}"},"query-input":{"@type":"PropertyValueSpecification","valueRequired":true,"valueName":"search_term_string"}}],"inLanguage":"fr-FR"}]}},"_links":{"self":[{"href":"https:\/\/www.stypers-consulting.com\/index.php?rest_route=\/wp\/v2\/pages\/587","targetHints":{"allow":["GET"]}}],"collection":[{"href":"https:\/\/www.stypers-consulting.com\/index.php?rest_route=\/wp\/v2\/pages"}],"about":[{"href":"https:\/\/www.stypers-consulting.com\/index.php?rest_route=\/wp\/v2\/types\/page"}],"author":[{"embeddable":true,"href":"https:\/\/www.stypers-consulting.com\/index.php?rest_route=\/wp\/v2\/users\/1"}],"replies":[{"embeddable":true,"href":"https:\/\/www.stypers-consulting.com\/index.php?rest_route=%2Fwp%2Fv2%2Fcomments&post=587"}],"version-history":[{"count":19,"href":"https:\/\/www.stypers-consulting.com\/index.php?rest_route=\/wp\/v2\/pages\/587\/revisions"}],"predecessor-version":[{"id":1814,"href":"https:\/\/www.stypers-consulting.com\/index.php?rest_route=\/wp\/v2\/pages\/587\/revisions\/1814"}],"wp:attachment":[{"href":"https:\/\/www.stypers-consulting.com\/index.php?rest_route=%2Fwp%2Fv2%2Fmedia&parent=587"}],"curies":[{"name":"wp","href":"https:\/\/api.w.org\/{rel}","templated":true}]}}